{"id":1794,"date":"2020-06-04T13:23:21","date_gmt":"2020-06-04T13:23:21","guid":{"rendered":"https:\/\/www.la-source-beynac-et-cazenac.com\/la-suite-colette\/"},"modified":"2024-11-23T11:14:46","modified_gmt":"2024-11-23T11:14:46","slug":"la-suite-colette","status":"publish","type":"page","link":"https:\/\/www.la-source-beynac-et-cazenac.com\/fr\/la-suite-colette\/","title":{"rendered":"La Suite Colette"},"content":{"rendered":"<p>[et_pb_section fb_built=&#8221;1&#8243; _builder_version=&#8221;4.16&#8243; global_colors_info=&#8221;{}&#8221;][et_pb_row _builder_version=&#8221;4.16&#8243; global_colors_info=&#8221;{}&#8221;][et_pb_column type=&#8221;4_4&#8243; _builder_version=&#8221;4.16&#8243; global_colors_info=&#8221;{}&#8221;][et_pb_text _builder_version=&#8221;4.16&#8243; global_colors_info=&#8221;{}&#8221;]<\/p>\n<h1 class=\"western\" style=\"text-align: center;\"><span style=\"font-size: 44px; color: #808080;\"><em>La Suite Colette<br \/><\/em><\/span><\/h1>\n<p>[\/et_pb_text][et_pb_gallery gallery_ids=&#8221;1737,1585,1662,1739,1607,1732&#8243; fullwidth=&#8221;on&#8221; _builder_version=&#8221;4.27.3&#8243; animation_style=&#8221;slide&#8221; auto=&#8221;on&#8221; hover_enabled=&#8221;0&#8243; dbdb_version=&#8221;4.6.2&#8243; global_colors_info=&#8221;{}&#8221; sticky_enabled=&#8221;0&#8243;][\/et_pb_gallery][et_pb_text disabled_on=&#8221;off|off|off&#8221; admin_label=&#8221;Text : BOOK NOW BUTTON&#8221; _builder_version=&#8221;3.29.1&#8243; custom_padding=&#8221;0px|0px|0px|0px&#8221; z_index_tablet=&#8221;500&#8243; text_text_shadow_horizontal_length_tablet=&#8221;0px&#8221; text_text_shadow_vertical_length_tablet=&#8221;0px&#8221; text_text_shadow_blur_strength_tablet=&#8221;1px&#8221; link_text_shadow_horizontal_length_tablet=&#8221;0px&#8221; link_text_shadow_vertical_length_tablet=&#8221;0px&#8221; link_text_shadow_blur_strength_tablet=&#8221;1px&#8221; ul_text_shadow_horizontal_length_tablet=&#8221;0px&#8221; ul_text_shadow_vertical_length_tablet=&#8221;0px&#8221; ul_text_shadow_blur_strength_tablet=&#8221;1px&#8221; ol_text_shadow_horizontal_length_tablet=&#8221;0px&#8221; ol_text_shadow_vertical_length_tablet=&#8221;0px&#8221; ol_text_shadow_blur_strength_tablet=&#8221;1px&#8221; quote_text_shadow_horizontal_length_tablet=&#8221;0px&#8221; quote_text_shadow_vertical_length_tablet=&#8221;0px&#8221; quote_text_shadow_blur_strength_tablet=&#8221;1px&#8221; header_text_shadow_horizontal_length_tablet=&#8221;0px&#8221; header_text_shadow_vertical_length_tablet=&#8221;0px&#8221; header_text_shadow_blur_strength_tablet=&#8221;1px&#8221; header_2_text_shadow_horizontal_length_tablet=&#8221;0px&#8221; header_2_text_shadow_vertical_length_tablet=&#8221;0px&#8221; header_2_text_shadow_blur_strength_tablet=&#8221;1px&#8221; header_3_text_shadow_horizontal_length_tablet=&#8221;0px&#8221; header_3_text_shadow_vertical_length_tablet=&#8221;0px&#8221; header_3_text_shadow_blur_strength_tablet=&#8221;1px&#8221; header_4_text_shadow_horizontal_length_tablet=&#8221;0px&#8221; header_4_text_shadow_vertical_length_tablet=&#8221;0px&#8221; header_4_text_shadow_blur_strength_tablet=&#8221;1px&#8221; header_5_text_shadow_horizontal_length_tablet=&#8221;0px&#8221; header_5_text_shadow_vertical_length_tablet=&#8221;0px&#8221; header_5_text_shadow_blur_strength_tablet=&#8221;1px&#8221; header_6_text_shadow_horizontal_length_tablet=&#8221;0px&#8221; header_6_text_shadow_vertical_length_tablet=&#8221;0px&#8221; header_6_text_shadow_blur_strength_tablet=&#8221;1px&#8221; box_shadow_horizontal_tablet=&#8221;0px&#8221; box_shadow_vertical_tablet=&#8221;0px&#8221; box_shadow_blur_tablet=&#8221;40px&#8221; box_shadow_spread_tablet=&#8221;0px&#8221; global_module=&#8221;1404&#8243; saved_tabs=&#8221;all&#8221; locked=&#8221;off&#8221; collapsed=&#8221;off&#8221; global_colors_info=&#8221;{}&#8221;]<\/p>\n<p style=\"text-align: center;\"><a href='https:\/\/app.channelmanager.com.au\/booknow\/la-source-20350' class='big-button bigblue' target=\"_blank\">BOOK NOW<\/a><\/p>\n<p>[\/et_pb_text][et_pb_text _builder_version=&#8221;4.16&#8243; custom_padding=&#8221;1px||0px|||&#8221; global_colors_info=&#8221;{}&#8221;]<\/p>\n<p>Cette suite de 52 m2 comprend une grande chambre, un salon \/ chambre avec un lit tra\u00eeneau et une chambre pour deux lits pliants d\u2019appoints pour enfants. Elle offre une vue sur le ch\u00e2teau de Beynac et le village.<br \/>La salle de bains s\u00e9par\u00e9e dispose d&#8217;une douche \u00e0 l&#8217;italienne vitr\u00e9e. Les trois chambres ouvrent sur le hall d&#8217;entr\u00e9e et cette suite occupe tout l\u2019\u00e9tage de la maison.<br \/>A quelques pas dans la for\u00eat, se trouvent deux zones distinctes, am\u00e9nag\u00e9es avec des tables et des chaises, et vue sur la Vall\u00e9e des Cinq Ch\u00e2teaux.<\/p>\n<p>Si vous souhaitez que lits soient faits \u00e0 votre arriv\u00e9e, commandez notre Forfait Linge de maison et Serviettes.<br \/>Les clients peuvent profiter de la cuisine et peuvent \u00e9galement commander des paniers pour le petite d\u00e9jeuner continental et le diner. Il y a une p\u00e2tisserie une courte promenade de La Source pour ceux qui veulent acheter du pain frais et des p\u00e2tisseries pour le petit d\u00e9jeuner. Vos h\u00f4tes Lorena et Enrique parlent fran\u00e7ais, anglais et espagnol et sont les propri\u00e9taires de la boutique de vins la Vinoth\u00e8que, www.vinothequebeynac.com<\/p>\n<p>La Vinoth\u00e8que est facile \u00e0 trouver dans le village et sera votre premi\u00e8re escale d\u00e8s votre arriv\u00e9e \u00e0 Beynac. Vos h\u00f4tes vous pr\u00e9senteront la maison qui se trouve \u00e0 30 m et ils seront disponibles \u00e0 la Vinoth\u00e8que ou par t\u00e9l\u00e9phone pour toutes demandes de renseignements durant votre s\u00e9jour.<\/p>\n<p>Chambre &#8211; 20 m2<br \/>.1 lit de 160cm<br \/>. Salle de bain &#8211; 6 m2. <br \/>. Salon \/ chambre &#8211; 26 m2<br \/>.1 lit traineau de 120cm<br \/>. 2 lits pliants d\u2019appoint<br \/>. Espace non fumeur<br \/>. Les animaux ne sont pas accept\u00e9s<\/p>\n<p>[\/et_pb_text][\/et_pb_column][\/et_pb_row][\/et_pb_section]<\/p>\n","protected":false},"excerpt":{"rendered":"<p>La Suite Colette<a href='https:\/\/app.channelmanager.com.au\/booknow\/la-source-20350' class='big-button bigblue' target=\"_blank\">BOOK NOW<\/a> Cette suite de 52 m2 comprend une grande chambre, un salon \/ chambre avec un lit tra\u00eeneau et une chambre pour deux lits pliants d\u2019appoints pour enfants. Elle offre une vue sur le ch\u00e2teau de Beynac et le village.La salle de bains s\u00e9par\u00e9e dispose d&#8217;une douche \u00e0 [&hellip;]<\/p>\n","protected":false},"author":3,"featured_media":0,"parent":0,"menu_order":0,"comment_status":"closed","ping_status":"closed","template":"","meta":{"_et_pb_use_builder":"on","_et_pb_old_content":"","_et_gb_content_width":"","footnotes":""},"class_list":["post-1794","page","type-page","status-publish","hentry"],"yoast_head":"<!-- This site is optimized with the Yoast SEO plugin v27.6 - https:\/\/yoast.com\/product\/yoast-seo-wordpress\/ -->\n<title>La Suite Colette - La Source Beynac et Cazenac Dordogne<\/title>\n<meta name=\"robots\" content=\"index, follow, max-snippet:-1, max-image-preview:large, max-video-preview:-1\" \/>\n<link rel=\"canonical\" href=\"https:\/\/www.la-source-beynac-et-cazenac.com\/fr\/la-suite-colette\/\" \/>\n<meta property=\"og:locale\" content=\"fr_FR\" \/>\n<meta property=\"og:type\" content=\"article\" \/>\n<meta property=\"og:title\" content=\"La Suite Colette - La Source Beynac et Cazenac Dordogne\" \/>\n<meta property=\"og:description\" content=\"La Suite Colette Cette suite de 52 m2 comprend une grande chambre, un salon \/ chambre avec un lit tra\u00eeneau et une chambre pour deux lits pliants d\u2019appoints pour enfants. Elle offre une vue sur le ch\u00e2teau de Beynac et le village.La salle de bains s\u00e9par\u00e9e dispose d&#039;une douche \u00e0 [&hellip;]\" \/>\n<meta property=\"og:url\" content=\"https:\/\/www.la-source-beynac-et-cazenac.com\/fr\/la-suite-colette\/\" \/>\n<meta property=\"og:site_name\" content=\"La Source Beynac et Cazenac Dordogne\" \/>\n<meta property=\"article:modified_time\" content=\"2024-11-23T11:14:46+00:00\" \/>\n<meta name=\"twitter:card\" content=\"summary_large_image\" \/>\n<meta name=\"twitter:label1\" content=\"Dur\u00e9e de lecture estim\u00e9e\" \/>\n\t<meta name=\"twitter:data1\" content=\"3 minutes\" \/>\n<script type=\"application\/ld+json\" class=\"yoast-schema-graph\">{\"@context\":\"https:\\\/\\\/schema.org\",\"@graph\":[{\"@type\":\"WebPage\",\"@id\":\"https:\\\/\\\/www.la-source-beynac-et-cazenac.com\\\/fr\\\/la-suite-colette\\\/\",\"url\":\"https:\\\/\\\/www.la-source-beynac-et-cazenac.com\\\/fr\\\/la-suite-colette\\\/\",\"name\":\"La Suite Colette - La Source Beynac et Cazenac Dordogne\",\"isPartOf\":{\"@id\":\"https:\\\/\\\/www.la-source-beynac-et-cazenac.com\\\/#website\"},\"datePublished\":\"2020-06-04T13:23:21+00:00\",\"dateModified\":\"2024-11-23T11:14:46+00:00\",\"breadcrumb\":{\"@id\":\"https:\\\/\\\/www.la-source-beynac-et-cazenac.com\\\/fr\\\/la-suite-colette\\\/#breadcrumb\"},\"inLanguage\":\"fr-FR\",\"potentialAction\":[{\"@type\":\"ReadAction\",\"target\":[\"https:\\\/\\\/www.la-source-beynac-et-cazenac.com\\\/fr\\\/la-suite-colette\\\/\"]}]},{\"@type\":\"BreadcrumbList\",\"@id\":\"https:\\\/\\\/www.la-source-beynac-et-cazenac.com\\\/fr\\\/la-suite-colette\\\/#breadcrumb\",\"itemListElement\":[{\"@type\":\"ListItem\",\"position\":1,\"name\":\"Home\",\"item\":\"https:\\\/\\\/www.la-source-beynac-et-cazenac.com\\\/fr\\\/\"},{\"@type\":\"ListItem\",\"position\":2,\"name\":\"La Suite Colette\"}]},{\"@type\":\"WebSite\",\"@id\":\"https:\\\/\\\/www.la-source-beynac-et-cazenac.com\\\/#website\",\"url\":\"https:\\\/\\\/www.la-source-beynac-et-cazenac.com\\\/\",\"name\":\"La Source Beynac et Cazenac Dordogne\",\"description\":\"\",\"potentialAction\":[{\"@type\":\"SearchAction\",\"target\":{\"@type\":\"EntryPoint\",\"urlTemplate\":\"https:\\\/\\\/www.la-source-beynac-et-cazenac.com\\\/?s={search_term_string}\"},\"query-input\":{\"@type\":\"PropertyValueSpecification\",\"valueRequired\":true,\"valueName\":\"search_term_string\"}}],\"inLanguage\":\"fr-FR\"}]}<\/script>\n<!-- \/ Yoast SEO plugin. -->","yoast_head_json":{"title":"La Suite Colette - La Source Beynac et Cazenac Dordogne","robots":{"index":"index","follow":"follow","max-snippet":"max-snippet:-1","max-image-preview":"max-image-preview:large","max-video-preview":"max-video-preview:-1"},"canonical":"https:\/\/www.la-source-beynac-et-cazenac.com\/fr\/la-suite-colette\/","og_locale":"fr_FR","og_type":"article","og_title":"La Suite Colette - La Source Beynac et Cazenac Dordogne","og_description":"La Suite Colette Cette suite de 52 m2 comprend une grande chambre, un salon \/ chambre avec un lit tra\u00eeneau et une chambre pour deux lits pliants d\u2019appoints pour enfants. Elle offre une vue sur le ch\u00e2teau de Beynac et le village.La salle de bains s\u00e9par\u00e9e dispose d'une douche \u00e0 [&hellip;]","og_url":"https:\/\/www.la-source-beynac-et-cazenac.com\/fr\/la-suite-colette\/","og_site_name":"La Source Beynac et Cazenac Dordogne","article_modified_time":"2024-11-23T11:14:46+00:00","twitter_card":"summary_large_image","twitter_misc":{"Dur\u00e9e de lecture estim\u00e9e":"3 minutes"},"schema":{"@context":"https:\/\/schema.org","@graph":[{"@type":"WebPage","@id":"https:\/\/www.la-source-beynac-et-cazenac.com\/fr\/la-suite-colette\/","url":"https:\/\/www.la-source-beynac-et-cazenac.com\/fr\/la-suite-colette\/","name":"La Suite Colette - La Source Beynac et Cazenac Dordogne","isPartOf":{"@id":"https:\/\/www.la-source-beynac-et-cazenac.com\/#website"},"datePublished":"2020-06-04T13:23:21+00:00","dateModified":"2024-11-23T11:14:46+00:00","breadcrumb":{"@id":"https:\/\/www.la-source-beynac-et-cazenac.com\/fr\/la-suite-colette\/#breadcrumb"},"inLanguage":"fr-FR","potentialAction":[{"@type":"ReadAction","target":["https:\/\/www.la-source-beynac-et-cazenac.com\/fr\/la-suite-colette\/"]}]},{"@type":"BreadcrumbList","@id":"https:\/\/www.la-source-beynac-et-cazenac.com\/fr\/la-suite-colette\/#breadcrumb","itemListElement":[{"@type":"ListItem","position":1,"name":"Home","item":"https:\/\/www.la-source-beynac-et-cazenac.com\/fr\/"},{"@type":"ListItem","position":2,"name":"La Suite Colette"}]},{"@type":"WebSite","@id":"https:\/\/www.la-source-beynac-et-cazenac.com\/#website","url":"https:\/\/www.la-source-beynac-et-cazenac.com\/","name":"La Source Beynac et Cazenac Dordogne","description":"","potentialAction":[{"@type":"SearchAction","target":{"@type":"EntryPoint","urlTemplate":"https:\/\/www.la-source-beynac-et-cazenac.com\/?s={search_term_string}"},"query-input":{"@type":"PropertyValueSpecification","valueRequired":true,"valueName":"search_term_string"}}],"inLanguage":"fr-FR"}]}},"_links":{"self":[{"href":"https:\/\/www.la-source-beynac-et-cazenac.com\/fr\/wp-json\/wp\/v2\/pages\/1794","targetHints":{"allow":["GET"]}}],"collection":[{"href":"https:\/\/www.la-source-beynac-et-cazenac.com\/fr\/wp-json\/wp\/v2\/pages"}],"about":[{"href":"https:\/\/www.la-source-beynac-et-cazenac.com\/fr\/wp-json\/wp\/v2\/types\/page"}],"author":[{"embeddable":true,"href":"https:\/\/www.la-source-beynac-et-cazenac.com\/fr\/wp-json\/wp\/v2\/users\/3"}],"replies":[{"embeddable":true,"href":"https:\/\/www.la-source-beynac-et-cazenac.com\/fr\/wp-json\/wp\/v2\/comments?post=1794"}],"version-history":[{"count":10,"href":"https:\/\/www.la-source-beynac-et-cazenac.com\/fr\/wp-json\/wp\/v2\/pages\/1794\/revisions"}],"predecessor-version":[{"id":2129,"href":"https:\/\/www.la-source-beynac-et-cazenac.com\/fr\/wp-json\/wp\/v2\/pages\/1794\/revisions\/2129"}],"wp:attachment":[{"href":"https:\/\/www.la-source-beynac-et-cazenac.com\/fr\/wp-json\/wp\/v2\/media?parent=1794"}],"curies":[{"name":"wp","href":"https:\/\/api.w.org\/{rel}","templated":true}]}}