{"id":416,"date":"2018-08-13T13:50:14","date_gmt":"2018-08-13T13:50:14","guid":{"rendered":"https:\/\/www.la-source-beynac-et-cazenac.com\/the-experience-more-then-just-a-room\/"},"modified":"2020-06-20T10:23:11","modified_gmt":"2020-06-20T10:23:11","slug":"un-sejour-exceptionnel","status":"publish","type":"page","link":"https:\/\/www.la-source-beynac-et-cazenac.com\/fr\/un-sejour-exceptionnel\/","title":{"rendered":"Un s\u00e9jour exceptionnel"},"content":{"rendered":"<p>[et_pb_section fb_built=&#8221;1&#8243; disabled_on=&#8221;off||&#8221; admin_label=&#8221;Section TITLE PC and MOBILE !!&#8221; _builder_version=&#8221;3.22&#8243; custom_padding=&#8221;||0px|&#8221;][et_pb_row _builder_version=&#8221;3.25&#8243; custom_padding=&#8221;0px|0px|0px|0px&#8221;][et_pb_column type=&#8221;4_4&#8243; _builder_version=&#8221;3.25&#8243; custom_padding=&#8221;0px|0px|0px|0px&#8221; custom_padding__hover=&#8221;|||&#8221;][et_pb_text disabled_on=&#8221;on||&#8221; admin_label=&#8221;Text TITLE PC ONLY !!&#8221; _builder_version=&#8221;3.27.4&#8243; custom_padding=&#8221;0px|||0px&#8221;]<\/p>\n<h1 class=\"western\" style=\"text-align: center;\"><span style=\"font-size: 44px; color: #808080;\"><em>Un s\u00e9jour exceptionnel<\/em><\/span><\/h1>\n<p>[\/et_pb_text][et_pb_text disabled_on=&#8221;|on|on&#8221; admin_label=&#8221;Text TITLE MOBILE ONLY !!&#8221; _builder_version=&#8221;3.27.4&#8243; custom_padding=&#8221;0px|||0px&#8221;]<\/p>\n<h1 class=\"western\" style=\"text-align: center;\"><span style=\"font-size: 34px; color: #808080;\"><em>Un s\u00e9jour exceptionnel<\/em><\/span><\/h1>\n<p>[\/et_pb_text][\/et_pb_column][\/et_pb_row][et_pb_row admin_label=&#8221;Row  Slider + Gallery &#8211; MOBILE and PC &#8211; much more than a room&#8221; _builder_version=&#8221;3.17.6&#8243; global_module=&#8221;990&#8243;][et_pb_column type=&#8221;4_4&#8243; _builder_version=&#8221;3.25&#8243; custom_padding=&#8221;|||&#8221; custom_padding__hover=&#8221;|||&#8221;][et_pb_gallery gallery_ids=&#8221;94,647,671,769,645,743,621,763,619,675,673,87,625,637,836,639,623,757,842,90,783,617,663,749,629&#8243; posts_number=&#8221;10&#8243; db_images_per_row=&#8221;5&#8243; db_image_max_width_tablet=&#8221;51&#8243; db_image_max_height_tablet=&#8221;501&#8243; db_image_row_spacing_tablet=&#8221;51&#8243; db_image_center_titles=&#8221;left&#8221; db_image_object_fit=&#8221;initial&#8221; show_title_and_caption=&#8221;off&#8221; show_pagination=&#8221;off&#8221; zoom_icon_color=&#8221;#898989&#8243; disabled_on=&#8221;on|on|&#8221; admin_label=&#8221;Gallery PC ONLY !! An Exceptional Experience&#8221; _builder_version=&#8221;3.17.6&#8243; saved_tabs=&#8221;all&#8221;][\/et_pb_gallery][et_pb_gallery gallery_ids=&#8221;94,647,671,769,645,743,621,763,619,675,673,87,625,637,836,639,623,757,842,90,783,617,663,749,629&#8243; fullwidth=&#8221;on&#8221; db_images_per_row=&#8221;5&#8243; db_image_max_width_tablet=&#8221;51&#8243; db_image_max_height_tablet=&#8221;501&#8243; db_image_row_spacing_tablet=&#8221;51&#8243; db_image_center_titles=&#8221;left&#8221; db_image_object_fit=&#8221;initial&#8221; disabled_on=&#8221;off|off|on&#8221; admin_label=&#8221;Gallery MOBIL ONLY !!  An Exceptional Experience&#8221; _builder_version=&#8221;3.17.6&#8243; animation_style=&#8221;slide&#8221; saved_tabs=&#8221;all&#8221;][\/et_pb_gallery][\/et_pb_column][\/et_pb_row][\/et_pb_section][et_pb_section fb_built=&#8221;1&#8243; _builder_version=&#8221;3.22&#8243;][et_pb_row _builder_version=&#8221;3.25&#8243; background_size=&#8221;initial&#8221; background_position=&#8221;top_left&#8221; background_repeat=&#8221;repeat&#8221;][et_pb_column type=&#8221;4_4&#8243; _builder_version=&#8221;3.25&#8243; custom_padding=&#8221;|||&#8221; custom_padding__hover=&#8221;|||&#8221;][et_pb_text _builder_version=&#8221;4.4.8&#8243; hover_enabled=&#8221;0&#8243;]<\/p>\n<p>Il y a tellement de choses \u00e0 d\u00e9couvrir \u00e0 quelques pas de chez nous. La Source avec ses vues magnifiques sur le ch\u00e2teau du 11\u00e8me si\u00e8cle est situ\u00e9e \u00e0 la lisi\u00e8re du village m\u00e9di\u00e9val de Beynac-et-Cazenac, qui a \u00e9t\u00e9 vot\u00e9 l&#8217;un des meilleurs &#8220;Plus Beaux Villages de France&#8221;. Beynac surplombe une courbe panoramique de la rivi\u00e8re Dordogne et est impr\u00e9gn\u00e9e d&#8217;histoire et de charme. Le village est pourvu de restaurants, p\u00e2tisseries, un boucher qui offre de d\u00e9licieux r\u00f4tis et plats pr\u00e9par\u00e9s, une sup\u00e9rette bien achaland\u00e9e, un forgeron, un coiffeur, un bar-tabac qui sert un bon caf\u00e9 et organise des soir\u00e9es musicales en \u00e9t\u00e9, une boutique gastronomique qui propose des pique-niques, une pizzeria au bord de la rivi\u00e8re, une pharmacie, un kin\u00e9sith\u00e9rapeute, un m\u00e9decin qui peut se d\u00e9placer \u00e0 domicile et un march\u00e9 de producteurs pendant l&#8217;\u00e9t\u00e9. Le plus important est la boutique de vins \u00ab\u00a0Vinoth\u00e8que\u00a0\u00bb dirig\u00e9e par vos h\u00f4tes, Lorena et Enrique.<\/p>\n<p>Parmi les activit\u00e9s sugg\u00e9r\u00e9es: &#8211;<br \/>Notre concept &#8220;bien plus qu&#8217;une chambre&#8221; permet \u00e0 nos h\u00f4tes de profiter pleinement du style de vie fran\u00e7ais en se ravitaillant dans les march\u00e9s et magasins d&#8217;alimentation locaux pour consommer \u00e0 la maison.<\/p>\n<p>Faites une sortie en cano\u00eb et \/ ou baignade dans la belle rivi\u00e8re Dordogne. L\u2019op\u00e9rateur viendra vous chercher \u00e0 c\u00f4t\u00e9 du Pizza Bar au bord de la rivi\u00e8re \u00e0 100m de La Source, et vous emm\u00e8nera en amont pour une sortie longue ou courte au gr\u00e9 des eaux peu profondes de la rivi\u00e8re. Pr\u00e9voyez un pique-nique sur l&#8217;une des plages de galets et nagez dans la rivi\u00e8re, avant de retourner \u00e0 votre point de d\u00e9part pour prendre une boisson fra\u00eeche sur la terrasse.<\/p>\n<p>D\u00e9rivez en montgolfi\u00e8re et profitez des vues spectaculaires sur la campagne environnante, apr\u00e8s avoir particip\u00e9 au gonflage du ballon. Savourez croissants et caf\u00e9s chez \u00abun, deux et trois\u00bb pendant que la montgolfi\u00e8re est rang\u00e9e dans son panier \u00e0 la fin de votre voyage.<\/p>\n<p>D\u00e9couvrez les nombreux sentiers p\u00e9destres et cyclistes bien balis\u00e9s qui passent devant le g\u00eete. Il existe beaucoup de sentiers de randonn\u00e9e \u00e0 travers la campagne locale, ou pour suivre les ruelles pav\u00e9es du village m\u00e9di\u00e9val jusqu&#8217;au ch\u00e2teau de Beynac. Vous pouvez ainsi faire une promenade matinale dans les champs ou le long de la rivi\u00e8re pour d\u00e9jeuner aux ch\u00e2teaux de Marqueyssac ou Castelnaud, ou dans le charmant village de La Roque-Gageac. Ou pourquoi pas suivre les sentiers forestiers pour une sortie pique-nique \u00e0 Cazenac.<\/p>\n<p>Vous trouverez plusieurs points de location de v\u00e9los \u00e0 proximit\u00e9.<\/p>\n<p>Faites une croisi\u00e8re \u00e9ducative et relaxante sur la Dordogne \u00e0 bord d&#8217;une Gabarre traditionnelle. Les jeudis apr\u00e8s-midi, votre h\u00f4te Enrique organise une croisi\u00e8re \u00e0 th\u00e8me \u00ab\u00a0d\u00e9gustation de vins\u00a0\u00bb en partenariat avec Les Gabarres de Beynac\u00a0: &#8220;D\u00e9gustez les vins du Sud-Ouest de la Gabarre tout en d\u00e9couvrant le spectacle de la rivi\u00e8re Dordogne et les plus prestigieux ch\u00e2teaux du P\u00e9rigord.&#8221; <br \/>Visitez les ch\u00e2teaux environnants qui ont chacun leur charme unique.<\/p>\n<p>D\u00e9couvrez l&#8217;homme Cro-Magnon et son art rupestre en visitant les nombreuses et fascinantes grottes \u00e0 quelques minutes en voiture de La Source.<br \/>Parcourez des brocantes et les vide greniers \u00e0 la recherche de tr\u00e9sors anciens ou d\u2019objets d&#8217;occasion.<\/p>\n<p>D\u00e9jeunez dans le village ou appuyez-vous sur l&#8217;exp\u00e9rience de vos h\u00f4tes et savourez un d\u00e9jeuner sur une terrasse dans une auberge \u00e0 la campagne ou dans un des nombreux restaurants \u00e0 proximit\u00e9.<br \/>Visitez les march\u00e9s gourmands en \u00e9t\u00e9 et profitez de la musique et de la gastronomie sp\u00e9cifique \u00e0 notre belle r\u00e9gion, en faisant connaissance avec d&#8217;autres convives, \u00e0 une longue tabl\u00e9e de f\u00eate.<\/p>\n<p>Le march\u00e9 du c\u0153ur m\u00e9di\u00e9val de Sarlat est une exp\u00e9rience \u00e0 ne pas manquer. Si vous souhaitez d\u00e9jeuner apr\u00e8s le march\u00e9, nous pouvons vous indiquer un restaurant original ou un bar \u00e0 tapas fr\u00e9quent\u00e9 par les locaux.<br \/>Ou bien, pour profiter de la vie, d\u00e9tendez-vous simplement avec un livre et une coupe de champagne \u00e0 l\u2019ombre des ch\u00eanes dans la for\u00eat de La Source.<\/p>\n<p>Ou encore, transformez notre terrasse en sc\u00e8ne de spectacle, comme l\u2019a fait Leo, notre professeur de guitare. leo.mcfadden@gmail.com<\/p>\n<p>[\/et_pb_text][et_pb_video src=&#8221;https:\/\/www.la-source-beynac-et-cazenac.com\/wp-content\/uploads\/2018\/11\/IMG_0206.m4v&#8221; _builder_version=&#8221;3.17.6&#8243;][\/et_pb_video][\/et_pb_column][\/et_pb_row][\/et_pb_section]<\/p>\n","protected":false},"excerpt":{"rendered":"<p>Un s\u00e9jour exceptionnel Un s\u00e9jour exceptionnel Il y a tellement de choses \u00e0 d\u00e9couvrir \u00e0 quelques pas de chez nous. La Source avec ses vues magnifiques sur le ch\u00e2teau du 11\u00e8me si\u00e8cle est situ\u00e9e \u00e0 la lisi\u00e8re du village m\u00e9di\u00e9val de Beynac-et-Cazenac, qui a \u00e9t\u00e9 vot\u00e9 l&#8217;un des meilleurs &#8220;Plus Beaux Villages de France&#8221;. Beynac [&hellip;]<\/p>\n","protected":false},"author":3,"featured_media":0,"parent":0,"menu_order":0,"comment_status":"closed","ping_status":"closed","template":"","meta":{"_et_pb_use_builder":"on","_et_pb_old_content":"","_et_gb_content_width":"","footnotes":""},"class_list":["post-416","page","type-page","status-publish","hentry"],"yoast_head":"<!-- This site is optimized with the Yoast SEO plugin v27.4 - https:\/\/yoast.com\/product\/yoast-seo-wordpress\/ -->\n<title>Une experience unique<\/title>\n<meta name=\"robots\" content=\"index, follow, max-snippet:-1, max-image-preview:large, max-video-preview:-1\" \/>\n<link rel=\"canonical\" href=\"https:\/\/www.la-source-beynac-et-cazenac.com\/fr\/un-sejour-exceptionnel\/\" \/>\n<meta property=\"og:locale\" content=\"fr_FR\" \/>\n<meta property=\"og:type\" content=\"article\" \/>\n<meta property=\"og:title\" content=\"Une experience unique\" \/>\n<meta property=\"og:description\" content=\"Un s\u00e9jour exceptionnel Un s\u00e9jour exceptionnel Il y a tellement de choses \u00e0 d\u00e9couvrir \u00e0 quelques pas de chez nous. La Source avec ses vues magnifiques sur le ch\u00e2teau du 11\u00e8me si\u00e8cle est situ\u00e9e \u00e0 la lisi\u00e8re du village m\u00e9di\u00e9val de Beynac-et-Cazenac, qui a \u00e9t\u00e9 vot\u00e9 l&#039;un des meilleurs &quot;Plus Beaux Villages de France&quot;. Beynac [&hellip;]\" \/>\n<meta property=\"og:url\" content=\"https:\/\/www.la-source-beynac-et-cazenac.com\/fr\/un-sejour-exceptionnel\/\" \/>\n<meta property=\"og:site_name\" content=\"La Source Beynac et Cazenac Dordogne\" \/>\n<meta property=\"article:modified_time\" content=\"2020-06-20T10:23:11+00:00\" \/>\n<meta name=\"twitter:card\" content=\"summary_large_image\" \/>\n<meta name=\"twitter:label1\" content=\"Dur\u00e9e de lecture estim\u00e9e\" \/>\n\t<meta name=\"twitter:data1\" content=\"5 minutes\" \/>\n<script type=\"application\/ld+json\" class=\"yoast-schema-graph\">{\"@context\":\"https:\\\/\\\/schema.org\",\"@graph\":[{\"@type\":\"WebPage\",\"@id\":\"https:\\\/\\\/www.la-source-beynac-et-cazenac.com\\\/fr\\\/un-sejour-exceptionnel\\\/\",\"url\":\"https:\\\/\\\/www.la-source-beynac-et-cazenac.com\\\/fr\\\/un-sejour-exceptionnel\\\/\",\"name\":\"Une experience unique\",\"isPartOf\":{\"@id\":\"https:\\\/\\\/www.la-source-beynac-et-cazenac.com\\\/#website\"},\"datePublished\":\"2018-08-13T13:50:14+00:00\",\"dateModified\":\"2020-06-20T10:23:11+00:00\",\"breadcrumb\":{\"@id\":\"https:\\\/\\\/www.la-source-beynac-et-cazenac.com\\\/fr\\\/un-sejour-exceptionnel\\\/#breadcrumb\"},\"inLanguage\":\"fr-FR\",\"potentialAction\":[{\"@type\":\"ReadAction\",\"target\":[\"https:\\\/\\\/www.la-source-beynac-et-cazenac.com\\\/fr\\\/un-sejour-exceptionnel\\\/\"]}]},{\"@type\":\"BreadcrumbList\",\"@id\":\"https:\\\/\\\/www.la-source-beynac-et-cazenac.com\\\/fr\\\/un-sejour-exceptionnel\\\/#breadcrumb\",\"itemListElement\":[{\"@type\":\"ListItem\",\"position\":1,\"name\":\"Home\",\"item\":\"https:\\\/\\\/www.la-source-beynac-et-cazenac.com\\\/fr\\\/\"},{\"@type\":\"ListItem\",\"position\":2,\"name\":\"Un s\u00e9jour exceptionnel\"}]},{\"@type\":\"WebSite\",\"@id\":\"https:\\\/\\\/www.la-source-beynac-et-cazenac.com\\\/#website\",\"url\":\"https:\\\/\\\/www.la-source-beynac-et-cazenac.com\\\/\",\"name\":\"La Source Beynac et Cazenac Dordogne\",\"description\":\"\",\"potentialAction\":[{\"@type\":\"SearchAction\",\"target\":{\"@type\":\"EntryPoint\",\"urlTemplate\":\"https:\\\/\\\/www.la-source-beynac-et-cazenac.com\\\/?s={search_term_string}\"},\"query-input\":{\"@type\":\"PropertyValueSpecification\",\"valueRequired\":true,\"valueName\":\"search_term_string\"}}],\"inLanguage\":\"fr-FR\"}]}<\/script>\n<!-- \/ Yoast SEO plugin. -->","yoast_head_json":{"title":"Une experience unique","robots":{"index":"index","follow":"follow","max-snippet":"max-snippet:-1","max-image-preview":"max-image-preview:large","max-video-preview":"max-video-preview:-1"},"canonical":"https:\/\/www.la-source-beynac-et-cazenac.com\/fr\/un-sejour-exceptionnel\/","og_locale":"fr_FR","og_type":"article","og_title":"Une experience unique","og_description":"Un s\u00e9jour exceptionnel Un s\u00e9jour exceptionnel Il y a tellement de choses \u00e0 d\u00e9couvrir \u00e0 quelques pas de chez nous. La Source avec ses vues magnifiques sur le ch\u00e2teau du 11\u00e8me si\u00e8cle est situ\u00e9e \u00e0 la lisi\u00e8re du village m\u00e9di\u00e9val de Beynac-et-Cazenac, qui a \u00e9t\u00e9 vot\u00e9 l'un des meilleurs \"Plus Beaux Villages de France\". Beynac [&hellip;]","og_url":"https:\/\/www.la-source-beynac-et-cazenac.com\/fr\/un-sejour-exceptionnel\/","og_site_name":"La Source Beynac et Cazenac Dordogne","article_modified_time":"2020-06-20T10:23:11+00:00","twitter_card":"summary_large_image","twitter_misc":{"Dur\u00e9e de lecture estim\u00e9e":"5 minutes"},"schema":{"@context":"https:\/\/schema.org","@graph":[{"@type":"WebPage","@id":"https:\/\/www.la-source-beynac-et-cazenac.com\/fr\/un-sejour-exceptionnel\/","url":"https:\/\/www.la-source-beynac-et-cazenac.com\/fr\/un-sejour-exceptionnel\/","name":"Une experience unique","isPartOf":{"@id":"https:\/\/www.la-source-beynac-et-cazenac.com\/#website"},"datePublished":"2018-08-13T13:50:14+00:00","dateModified":"2020-06-20T10:23:11+00:00","breadcrumb":{"@id":"https:\/\/www.la-source-beynac-et-cazenac.com\/fr\/un-sejour-exceptionnel\/#breadcrumb"},"inLanguage":"fr-FR","potentialAction":[{"@type":"ReadAction","target":["https:\/\/www.la-source-beynac-et-cazenac.com\/fr\/un-sejour-exceptionnel\/"]}]},{"@type":"BreadcrumbList","@id":"https:\/\/www.la-source-beynac-et-cazenac.com\/fr\/un-sejour-exceptionnel\/#breadcrumb","itemListElement":[{"@type":"ListItem","position":1,"name":"Home","item":"https:\/\/www.la-source-beynac-et-cazenac.com\/fr\/"},{"@type":"ListItem","position":2,"name":"Un s\u00e9jour exceptionnel"}]},{"@type":"WebSite","@id":"https:\/\/www.la-source-beynac-et-cazenac.com\/#website","url":"https:\/\/www.la-source-beynac-et-cazenac.com\/","name":"La Source Beynac et Cazenac Dordogne","description":"","potentialAction":[{"@type":"SearchAction","target":{"@type":"EntryPoint","urlTemplate":"https:\/\/www.la-source-beynac-et-cazenac.com\/?s={search_term_string}"},"query-input":{"@type":"PropertyValueSpecification","valueRequired":true,"valueName":"search_term_string"}}],"inLanguage":"fr-FR"}]}},"_links":{"self":[{"href":"https:\/\/www.la-source-beynac-et-cazenac.com\/fr\/wp-json\/wp\/v2\/pages\/416","targetHints":{"allow":["GET"]}}],"collection":[{"href":"https:\/\/www.la-source-beynac-et-cazenac.com\/fr\/wp-json\/wp\/v2\/pages"}],"about":[{"href":"https:\/\/www.la-source-beynac-et-cazenac.com\/fr\/wp-json\/wp\/v2\/types\/page"}],"author":[{"embeddable":true,"href":"https:\/\/www.la-source-beynac-et-cazenac.com\/fr\/wp-json\/wp\/v2\/users\/3"}],"replies":[{"embeddable":true,"href":"https:\/\/www.la-source-beynac-et-cazenac.com\/fr\/wp-json\/wp\/v2\/comments?post=416"}],"version-history":[{"count":1,"href":"https:\/\/www.la-source-beynac-et-cazenac.com\/fr\/wp-json\/wp\/v2\/pages\/416\/revisions"}],"predecessor-version":[{"id":1793,"href":"https:\/\/www.la-source-beynac-et-cazenac.com\/fr\/wp-json\/wp\/v2\/pages\/416\/revisions\/1793"}],"wp:attachment":[{"href":"https:\/\/www.la-source-beynac-et-cazenac.com\/fr\/wp-json\/wp\/v2\/media?parent=416"}],"curies":[{"name":"wp","href":"https:\/\/api.w.org\/{rel}","templated":true}]}}