{"id":490,"date":"2018-08-13T16:35:34","date_gmt":"2018-08-13T16:35:34","guid":{"rendered":"https:\/\/www.la-source-beynac-et-cazenac.com\/la-suite\/"},"modified":"2024-11-23T11:33:43","modified_gmt":"2024-11-23T11:33:43","slug":"la-suite","status":"publish","type":"page","link":"https:\/\/www.la-source-beynac-et-cazenac.com\/fr\/la-suite\/","title":{"rendered":"La suite"},"content":{"rendered":"<p>[et_pb_section fb_built=&#8221;1&#8243; disabled_on=&#8221;off||&#8221; admin_label=&#8221;Section TITLE PC and MOBILE !!&#8221; _builder_version=&#8221;4.16&#8243; custom_padding=&#8221;||0px|&#8221; global_colors_info=&#8221;{}&#8221;][et_pb_row _builder_version=&#8221;4.16&#8243; custom_padding=&#8221;0px|0px|0px|0px&#8221; global_colors_info=&#8221;{}&#8221;][et_pb_column type=&#8221;4_4&#8243; _builder_version=&#8221;4.16&#8243; custom_padding=&#8221;0px|0px|0px|0px&#8221; global_colors_info=&#8221;{}&#8221; custom_padding__hover=&#8221;|||&#8221;][et_pb_text disabled_on=&#8221;on||&#8221; admin_label=&#8221;Text TITLE PC ONLY !!&#8221; _builder_version=&#8221;4.16&#8243; custom_padding=&#8221;0px|||0px&#8221; global_colors_info=&#8221;{}&#8221;]<\/p>\n<h1 class=\"western\" style=\"text-align: center;\"><span style=\"font-size: 44px; color: #808080;\"><em>La Suite Bonaparte<br \/><\/em><\/span><\/h1>\n<p>[\/et_pb_text][et_pb_text disabled_on=&#8221;|on|on&#8221; admin_label=&#8221;Text TITLE MOBILE ONLY !!&#8221; _builder_version=&#8221;4.16&#8243; custom_padding=&#8221;0px|||0px&#8221; global_colors_info=&#8221;{}&#8221;]<\/p>\n<h1 class=\"western\" style=\"text-align: center;\"><span style=\"font-size: 36px; color: #808080;\"><em>La Suite Bonaparte<br \/><\/em><\/span><\/h1>\n<p>[\/et_pb_text][\/et_pb_column][\/et_pb_row][et_pb_row admin_label=&#8221;Row  Slider + Gallery &#8211; MOBILE and PC &#8211; La Suite&#8221; _builder_version=&#8221;3.17.6&#8243; global_module=&#8221;979&#8243; global_colors_info=&#8221;{}&#8221;][et_pb_column type=&#8221;4_4&#8243; _builder_version=&#8221;4.16&#8243; custom_padding=&#8221;|||&#8221; global_colors_info=&#8221;{}&#8221; custom_padding__hover=&#8221;|||&#8221;][et_pb_gallery gallery_ids=&#8221;69,68,67,66,65,64&#8243; fullwidth=&#8221;on&#8221; disabled_on=&#8221;on|on|on&#8221; admin_label=&#8221;Gallery PC ONLY !! La suite&#8221; _builder_version=&#8221;4.27.3&#8243; animation_style=&#8221;slide&#8221; auto=&#8221;on&#8221; db_image_max_width_tablet=&#8221;51&#8243; db_image_max_height_tablet=&#8221;501&#8243; db_image_row_spacing_tablet=&#8221;51&#8243; db_image_center_titles=&#8221;left&#8221; dbdb_version=&#8221;4.6.2&#8243; saved_tabs=&#8221;all&#8221; global_colors_info=&#8221;{}&#8221; disabled=&#8221;on&#8221;][\/et_pb_gallery][et_pb_gallery gallery_ids=&#8221;65,68,64,67,66,865,69&#8243; fullwidth=&#8221;on&#8221; disabled_on=&#8221;off|off|off&#8221; admin_label=&#8221;Gallery MOBILE ONLY !! La suite&#8221; _builder_version=&#8221;4.16&#8243; db_image_max_width_tablet=&#8221;51&#8243; db_image_max_height_tablet=&#8221;501&#8243; db_image_row_spacing_tablet=&#8221;51&#8243; db_image_center_titles=&#8221;left&#8221; dbdb_version=&#8221;4.6.2&#8243; saved_tabs=&#8221;all&#8221; global_colors_info=&#8221;{}&#8221;][\/et_pb_gallery][\/et_pb_column][\/et_pb_row][\/et_pb_section][et_pb_section fb_built=&#8221;1&#8243; _builder_version=&#8221;4.16&#8243; global_colors_info=&#8221;{}&#8221;][et_pb_row _builder_version=&#8221;4.16&#8243; background_size=&#8221;initial&#8221; background_position=&#8221;top_left&#8221; background_repeat=&#8221;repeat&#8221; global_colors_info=&#8221;{}&#8221;][et_pb_column type=&#8221;4_4&#8243; _builder_version=&#8221;4.16&#8243; custom_padding=&#8221;|||&#8221; global_colors_info=&#8221;{}&#8221; custom_padding__hover=&#8221;|||&#8221;][et_pb_text disabled_on=&#8221;off|off|off&#8221; admin_label=&#8221;Text : BOOK NOW BUTTON&#8221; _builder_version=&#8221;3.29.1&#8243; custom_padding=&#8221;0px|0px|0px|0px&#8221; z_index_tablet=&#8221;500&#8243; text_text_shadow_horizontal_length_tablet=&#8221;0px&#8221; text_text_shadow_vertical_length_tablet=&#8221;0px&#8221; text_text_shadow_blur_strength_tablet=&#8221;1px&#8221; link_text_shadow_horizontal_length_tablet=&#8221;0px&#8221; link_text_shadow_vertical_length_tablet=&#8221;0px&#8221; link_text_shadow_blur_strength_tablet=&#8221;1px&#8221; ul_text_shadow_horizontal_length_tablet=&#8221;0px&#8221; ul_text_shadow_vertical_length_tablet=&#8221;0px&#8221; ul_text_shadow_blur_strength_tablet=&#8221;1px&#8221; ol_text_shadow_horizontal_length_tablet=&#8221;0px&#8221; ol_text_shadow_vertical_length_tablet=&#8221;0px&#8221; ol_text_shadow_blur_strength_tablet=&#8221;1px&#8221; quote_text_shadow_horizontal_length_tablet=&#8221;0px&#8221; quote_text_shadow_vertical_length_tablet=&#8221;0px&#8221; quote_text_shadow_blur_strength_tablet=&#8221;1px&#8221; header_text_shadow_horizontal_length_tablet=&#8221;0px&#8221; header_text_shadow_vertical_length_tablet=&#8221;0px&#8221; header_text_shadow_blur_strength_tablet=&#8221;1px&#8221; header_2_text_shadow_horizontal_length_tablet=&#8221;0px&#8221; header_2_text_shadow_vertical_length_tablet=&#8221;0px&#8221; header_2_text_shadow_blur_strength_tablet=&#8221;1px&#8221; header_3_text_shadow_horizontal_length_tablet=&#8221;0px&#8221; header_3_text_shadow_vertical_length_tablet=&#8221;0px&#8221; header_3_text_shadow_blur_strength_tablet=&#8221;1px&#8221; header_4_text_shadow_horizontal_length_tablet=&#8221;0px&#8221; header_4_text_shadow_vertical_length_tablet=&#8221;0px&#8221; header_4_text_shadow_blur_strength_tablet=&#8221;1px&#8221; header_5_text_shadow_horizontal_length_tablet=&#8221;0px&#8221; header_5_text_shadow_vertical_length_tablet=&#8221;0px&#8221; header_5_text_shadow_blur_strength_tablet=&#8221;1px&#8221; header_6_text_shadow_horizontal_length_tablet=&#8221;0px&#8221; header_6_text_shadow_vertical_length_tablet=&#8221;0px&#8221; header_6_text_shadow_blur_strength_tablet=&#8221;1px&#8221; box_shadow_horizontal_tablet=&#8221;0px&#8221; box_shadow_vertical_tablet=&#8221;0px&#8221; box_shadow_blur_tablet=&#8221;40px&#8221; box_shadow_spread_tablet=&#8221;0px&#8221; global_module=&#8221;1409&#8243; saved_tabs=&#8221;all&#8221; locked=&#8221;off&#8221; collapsed=&#8221;off&#8221; global_colors_info=&#8221;{}&#8221;]<\/p>\n<p style=\"text-align: center;\"><a href='https:\/\/app.channelmanager.com.au\/booknow\/la-source-20350' class='big-button bigblue' target=\"_blank\">BOOK NOW<\/a><\/p>\n<p>[\/et_pb_text][et_pb_text _builder_version=&#8221;4.16&#8243; global_colors_info=&#8221;{}&#8221;]<\/p>\n<p>Cette suite de 60m2 se compose d&#8217;une grande chambre avec salle de bain attenante et vue sur le jardin et la for\u00eat, plus un salon \/ bureau avec deux lits simples et une vue magnifique sur le ch\u00e2teau de Beynac, le village et le jardin.<br \/>La salle de bains contient une baignoire sur pieds et une douche vitr\u00e9e.<br \/>A une tr\u00e9s courte distance dans la for\u00eat, se trouvent deux zones s\u00e9par\u00e9es, am\u00e9nag\u00e9es avec une table et des chaises avec vue sur la vall\u00e9e des cinq ch\u00e2teaux.<\/p>\n<p>Les clients ont la pleine utilisation de la cuisine et peuvent commander des paniers pour la petite d\u00e9jeuner continental et le diner. Il y a une p\u00e2tisserie une courte promenade de La Source pour ceux qui veulent acheter du pain frais et des p\u00e2tisseries pour le petit d\u00e9jeuner.<\/p>\n<p>Vos h\u00f4tes Lorena et Enrique parlent fran\u00e7ais, anglais et espagnol et sont les propri\u00e9taires de la boutique de vin de la Vinoth\u00e8que, <a href=\"http:\/\/www.vinothequebeynac.com\">www.vinothequebeynac.com<\/a><\/p>\n<p>La Vinoth\u00e8que est facile \u00e0 trouver dans le village et sera votre premi\u00e8re escale \u00e0 votre arriv\u00e9e \u00e0 Beynac. Vos h\u00f4tes vous feront d\u00e9couvrir la maison qui se trouve \u00e0 30 m, et ils seront disponibles \u00e0 la Vinoth\u00e8que ou par t\u00e9l\u00e9phone pour toutes demandes de renseignements durant votre s\u00e9jour.<\/p>\n<p>. Chambre &#8211; 24 m2<br \/>. 1 lit de 160cm<br \/>. Salle de bains attenante &#8211; 11 m2<br \/>. Salon \/ bureau &#8211; 25 m2<br \/>. 2 lits simples de 90cm<br \/>. Espace non-fumeur<br \/>. Les animaux ne sont pas accept\u00e9s<br \/>. Climatis\u00e9e<\/p>\n<p>[\/et_pb_text][\/et_pb_column][\/et_pb_row][\/et_pb_section]<\/p>\n","protected":false},"excerpt":{"rendered":"<p>La Suite BonaparteLa Suite Bonaparte<a href='https:\/\/app.channelmanager.com.au\/booknow\/la-source-20350' class='big-button bigblue' target=\"_blank\">BOOK NOW<\/a> Cette suite de 60m2 se compose d&#8217;une grande chambre avec salle de bain attenante et vue sur le jardin et la for\u00eat, plus un salon \/ bureau avec deux lits simples et une vue magnifique sur le ch\u00e2teau de Beynac, le village et le jardin.La [&hellip;]<\/p>\n","protected":false},"author":3,"featured_media":0,"parent":0,"menu_order":0,"comment_status":"closed","ping_status":"closed","template":"","meta":{"_et_pb_use_builder":"on","_et_pb_old_content":"","_et_gb_content_width":"","footnotes":""},"class_list":["post-490","page","type-page","status-publish","hentry"],"yoast_head":"<!-- This site is optimized with the Yoast SEO plugin v27.3 - https:\/\/yoast.com\/product\/yoast-seo-wordpress\/ -->\n<title>La suite - La Source Beynac et Cazenac Dordogne<\/title>\n<meta name=\"robots\" content=\"index, follow, max-snippet:-1, max-image-preview:large, max-video-preview:-1\" \/>\n<link rel=\"canonical\" href=\"https:\/\/www.la-source-beynac-et-cazenac.com\/fr\/la-suite\/\" \/>\n<meta property=\"og:locale\" content=\"fr_FR\" \/>\n<meta property=\"og:type\" content=\"article\" \/>\n<meta property=\"og:title\" content=\"La suite - La Source Beynac et Cazenac Dordogne\" \/>\n<meta property=\"og:description\" content=\"La Suite BonaparteLa Suite Bonaparte Cette suite de 60m2 se compose d&#039;une grande chambre avec salle de bain attenante et vue sur le jardin et la for\u00eat, plus un salon \/ bureau avec deux lits simples et une vue magnifique sur le ch\u00e2teau de Beynac, le village et le jardin.La [&hellip;]\" \/>\n<meta property=\"og:url\" content=\"https:\/\/www.la-source-beynac-et-cazenac.com\/fr\/la-suite\/\" \/>\n<meta property=\"og:site_name\" content=\"La Source Beynac et Cazenac Dordogne\" \/>\n<meta property=\"article:modified_time\" content=\"2024-11-23T11:33:43+00:00\" \/>\n<meta name=\"twitter:card\" content=\"summary_large_image\" \/>\n<meta name=\"twitter:label1\" content=\"Dur\u00e9e de lecture estim\u00e9e\" \/>\n\t<meta name=\"twitter:data1\" content=\"3 minutes\" \/>\n<script type=\"application\/ld+json\" class=\"yoast-schema-graph\">{\"@context\":\"https:\\\/\\\/schema.org\",\"@graph\":[{\"@type\":\"WebPage\",\"@id\":\"https:\\\/\\\/www.la-source-beynac-et-cazenac.com\\\/fr\\\/la-suite\\\/\",\"url\":\"https:\\\/\\\/www.la-source-beynac-et-cazenac.com\\\/fr\\\/la-suite\\\/\",\"name\":\"La suite - La Source Beynac et Cazenac Dordogne\",\"isPartOf\":{\"@id\":\"https:\\\/\\\/www.la-source-beynac-et-cazenac.com\\\/#website\"},\"datePublished\":\"2018-08-13T16:35:34+00:00\",\"dateModified\":\"2024-11-23T11:33:43+00:00\",\"breadcrumb\":{\"@id\":\"https:\\\/\\\/www.la-source-beynac-et-cazenac.com\\\/fr\\\/la-suite\\\/#breadcrumb\"},\"inLanguage\":\"fr-FR\",\"potentialAction\":[{\"@type\":\"ReadAction\",\"target\":[\"https:\\\/\\\/www.la-source-beynac-et-cazenac.com\\\/fr\\\/la-suite\\\/\"]}]},{\"@type\":\"BreadcrumbList\",\"@id\":\"https:\\\/\\\/www.la-source-beynac-et-cazenac.com\\\/fr\\\/la-suite\\\/#breadcrumb\",\"itemListElement\":[{\"@type\":\"ListItem\",\"position\":1,\"name\":\"Home\",\"item\":\"https:\\\/\\\/www.la-source-beynac-et-cazenac.com\\\/fr\\\/\"},{\"@type\":\"ListItem\",\"position\":2,\"name\":\"La suite\"}]},{\"@type\":\"WebSite\",\"@id\":\"https:\\\/\\\/www.la-source-beynac-et-cazenac.com\\\/#website\",\"url\":\"https:\\\/\\\/www.la-source-beynac-et-cazenac.com\\\/\",\"name\":\"La Source Beynac et Cazenac Dordogne\",\"description\":\"\",\"potentialAction\":[{\"@type\":\"SearchAction\",\"target\":{\"@type\":\"EntryPoint\",\"urlTemplate\":\"https:\\\/\\\/www.la-source-beynac-et-cazenac.com\\\/?s={search_term_string}\"},\"query-input\":{\"@type\":\"PropertyValueSpecification\",\"valueRequired\":true,\"valueName\":\"search_term_string\"}}],\"inLanguage\":\"fr-FR\"}]}<\/script>\n<!-- \/ Yoast SEO plugin. -->","yoast_head_json":{"title":"La suite - La Source Beynac et Cazenac Dordogne","robots":{"index":"index","follow":"follow","max-snippet":"max-snippet:-1","max-image-preview":"max-image-preview:large","max-video-preview":"max-video-preview:-1"},"canonical":"https:\/\/www.la-source-beynac-et-cazenac.com\/fr\/la-suite\/","og_locale":"fr_FR","og_type":"article","og_title":"La suite - La Source Beynac et Cazenac Dordogne","og_description":"La Suite BonaparteLa Suite Bonaparte Cette suite de 60m2 se compose d'une grande chambre avec salle de bain attenante et vue sur le jardin et la for\u00eat, plus un salon \/ bureau avec deux lits simples et une vue magnifique sur le ch\u00e2teau de Beynac, le village et le jardin.La [&hellip;]","og_url":"https:\/\/www.la-source-beynac-et-cazenac.com\/fr\/la-suite\/","og_site_name":"La Source Beynac et Cazenac Dordogne","article_modified_time":"2024-11-23T11:33:43+00:00","twitter_card":"summary_large_image","twitter_misc":{"Dur\u00e9e de lecture estim\u00e9e":"3 minutes"},"schema":{"@context":"https:\/\/schema.org","@graph":[{"@type":"WebPage","@id":"https:\/\/www.la-source-beynac-et-cazenac.com\/fr\/la-suite\/","url":"https:\/\/www.la-source-beynac-et-cazenac.com\/fr\/la-suite\/","name":"La suite - La Source Beynac et Cazenac Dordogne","isPartOf":{"@id":"https:\/\/www.la-source-beynac-et-cazenac.com\/#website"},"datePublished":"2018-08-13T16:35:34+00:00","dateModified":"2024-11-23T11:33:43+00:00","breadcrumb":{"@id":"https:\/\/www.la-source-beynac-et-cazenac.com\/fr\/la-suite\/#breadcrumb"},"inLanguage":"fr-FR","potentialAction":[{"@type":"ReadAction","target":["https:\/\/www.la-source-beynac-et-cazenac.com\/fr\/la-suite\/"]}]},{"@type":"BreadcrumbList","@id":"https:\/\/www.la-source-beynac-et-cazenac.com\/fr\/la-suite\/#breadcrumb","itemListElement":[{"@type":"ListItem","position":1,"name":"Home","item":"https:\/\/www.la-source-beynac-et-cazenac.com\/fr\/"},{"@type":"ListItem","position":2,"name":"La suite"}]},{"@type":"WebSite","@id":"https:\/\/www.la-source-beynac-et-cazenac.com\/#website","url":"https:\/\/www.la-source-beynac-et-cazenac.com\/","name":"La Source Beynac et Cazenac Dordogne","description":"","potentialAction":[{"@type":"SearchAction","target":{"@type":"EntryPoint","urlTemplate":"https:\/\/www.la-source-beynac-et-cazenac.com\/?s={search_term_string}"},"query-input":{"@type":"PropertyValueSpecification","valueRequired":true,"valueName":"search_term_string"}}],"inLanguage":"fr-FR"}]}},"_links":{"self":[{"href":"https:\/\/www.la-source-beynac-et-cazenac.com\/fr\/wp-json\/wp\/v2\/pages\/490","targetHints":{"allow":["GET"]}}],"collection":[{"href":"https:\/\/www.la-source-beynac-et-cazenac.com\/fr\/wp-json\/wp\/v2\/pages"}],"about":[{"href":"https:\/\/www.la-source-beynac-et-cazenac.com\/fr\/wp-json\/wp\/v2\/types\/page"}],"author":[{"embeddable":true,"href":"https:\/\/www.la-source-beynac-et-cazenac.com\/fr\/wp-json\/wp\/v2\/users\/3"}],"replies":[{"embeddable":true,"href":"https:\/\/www.la-source-beynac-et-cazenac.com\/fr\/wp-json\/wp\/v2\/comments?post=490"}],"version-history":[{"count":6,"href":"https:\/\/www.la-source-beynac-et-cazenac.com\/fr\/wp-json\/wp\/v2\/pages\/490\/revisions"}],"predecessor-version":[{"id":2153,"href":"https:\/\/www.la-source-beynac-et-cazenac.com\/fr\/wp-json\/wp\/v2\/pages\/490\/revisions\/2153"}],"wp:attachment":[{"href":"https:\/\/www.la-source-beynac-et-cazenac.com\/fr\/wp-json\/wp\/v2\/media?parent=490"}],"curies":[{"name":"wp","href":"https:\/\/api.w.org\/{rel}","templated":true}]}}