{"id":496,"date":"2018-08-13T16:57:57","date_gmt":"2018-08-13T16:57:57","guid":{"rendered":"https:\/\/www.la-source-beynac-et-cazenac.com\/the-accommodation\/"},"modified":"2024-11-29T12:40:03","modified_gmt":"2024-11-29T12:40:03","slug":"bien-plus-quune-chambre","status":"publish","type":"page","link":"https:\/\/www.la-source-beynac-et-cazenac.com\/fr\/bien-plus-quune-chambre\/","title":{"rendered":"Bien plus qu&#8217;une chambre"},"content":{"rendered":"<p>[et_pb_section fb_built=&#8221;1&#8243; disabled_on=&#8221;off||&#8221; admin_label=&#8221;Section TITLE PC and MOBILE !!&#8221; _builder_version=&#8221;4.16&#8243; custom_padding=&#8221;||0px|&#8221; global_colors_info=&#8221;{}&#8221;][et_pb_row _builder_version=&#8221;4.16&#8243; custom_padding=&#8221;0px|0px|0px|0px&#8221; global_colors_info=&#8221;{}&#8221;][et_pb_column type=&#8221;4_4&#8243; _builder_version=&#8221;4.16&#8243; custom_padding=&#8221;0px|0px|0px|0px&#8221; global_colors_info=&#8221;{}&#8221; custom_padding__hover=&#8221;|||&#8221;][et_pb_text disabled_on=&#8221;off||&#8221; admin_label=&#8221;Text TITLE PC ONLY !!&#8221; _builder_version=&#8221;4.16&#8243; custom_padding=&#8221;0px|||0px&#8221; global_colors_info=&#8221;{}&#8221;]<\/p>\n<h1 class=\"western\" style=\"text-align: center;\"><span style=\"color: #808080;\"><span style=\"font-size: 44px;\"><i>Bien plus qu&#8217;une chambre<\/i><\/span><\/span><\/h1>\n<p>[\/et_pb_text][et_pb_text disabled_on=&#8221;on|on|on&#8221; admin_label=&#8221;Text TITLE MOBILE ONLY !!&#8221; _builder_version=&#8221;4.16&#8243; custom_padding=&#8221;0px|||0px&#8221; disabled=&#8221;on&#8221; global_colors_info=&#8221;{}&#8221;]<\/p>\n<h1 class=\"western\" style=\"text-align: center;\"><span style=\"color: #808080;\"><span style=\"font-size: 44px;\"><i>Bien plus qu&#8217;une chambre<\/i><\/span><\/span><\/h1>\n<p>[\/et_pb_text][\/et_pb_column][\/et_pb_row][et_pb_row admin_label=&#8221;Row Gallery MOBILE and PC  &#8211; Much more than a  room&#8221; _builder_version=&#8221;3.17.6&#8243; background_size=&#8221;initial&#8221; background_position=&#8221;top_left&#8221; background_repeat=&#8221;repeat&#8221; global_module=&#8221;971&#8243; locked=&#8221;off&#8221; collapsed=&#8221;off&#8221; global_colors_info=&#8221;{}&#8221;][et_pb_column type=&#8221;4_4&#8243; _builder_version=&#8221;4.16&#8243; custom_padding=&#8221;|||&#8221; global_colors_info=&#8221;{}&#8221; custom_padding__hover=&#8221;|||&#8221;][et_pb_gallery gallery_ids=&#8221;93,1156,1160,1164,53,741,751,789,739,1173,1162,863,755,737,759,791,661,657,767,85,653,84,643,753,633,635,735,77,79,75,78,838&#8243; fullwidth=&#8221;on&#8221; disabled_on=&#8221;on|on|&#8221; admin_label=&#8221;Gallery PC ONLY !! Much more than a room&#8221; _builder_version=&#8221;4.27.3&#8243; animation_style=&#8221;slide&#8221; auto=&#8221;on&#8221; db_image_max_width_tablet=&#8221;51&#8243; db_image_max_height_tablet=&#8221;501&#8243; db_image_row_spacing_tablet=&#8221;51&#8243; db_image_center_titles=&#8221;left&#8221; dbdb_version=&#8221;4.6.2&#8243; dbdb_show_lightbox_title=&#8221;off&#8221; saved_tabs=&#8221;all&#8221; global_colors_info=&#8221;{}&#8221;][\/et_pb_gallery][et_pb_gallery gallery_ids=&#8221;93,1164,1156,1160,53,741,751,789,739,1173,1162,863,755,737,759,791,661,657,767,85,653,84,643,753,633,635,735,77,79,75,78,838&#8243; fullwidth=&#8221;on&#8221; disabled_on=&#8221;off|off|on&#8221; admin_label=&#8221;Gallery MOBILE ONLY !! Much more than a room&#8221; _builder_version=&#8221;4.16&#8243; animation_style=&#8221;slide&#8221; db_image_max_width_tablet=&#8221;51&#8243; db_image_max_height_tablet=&#8221;501&#8243; db_image_row_spacing_tablet=&#8221;51&#8243; db_image_center_titles=&#8221;left&#8221; dbdb_version=&#8221;4.6.2&#8243; saved_tabs=&#8221;all&#8221; global_colors_info=&#8221;{}&#8221;][\/et_pb_gallery][\/et_pb_column][\/et_pb_row][\/et_pb_section][et_pb_section fb_built=&#8221;1&#8243; _builder_version=&#8221;4.16&#8243; global_colors_info=&#8221;{}&#8221;][et_pb_row _builder_version=&#8221;4.16&#8243; background_size=&#8221;initial&#8221; background_position=&#8221;top_left&#8221; background_repeat=&#8221;repeat&#8221; global_colors_info=&#8221;{}&#8221;][et_pb_column type=&#8221;4_4&#8243; _builder_version=&#8221;4.16&#8243; custom_padding=&#8221;|||&#8221; global_colors_info=&#8221;{}&#8221; custom_padding__hover=&#8221;|||&#8221;][et_pb_text _builder_version=&#8221;4.27.3&#8243; global_colors_info=&#8221;{}&#8221;]<\/p>\n<h2 style=\"text-align: center;\"><span style=\"font-size: 32px;\">Plus impressionnant qu&#8217;un g\u00eete<\/span><\/h2>\n<p>&nbsp;<\/p>\n<p><span style=\"font-size: 18px;\">La Source est une maison de vacances ind\u00e9pendante qui offre \u00e0 ses h\u00f4tes \u00ab bien plus qu&#8217;une chambre \u00bb.<\/span><\/p>\n<p>Comme vos h\u00f4tes ne vivent pas sur place, les l\u00e8ve-t\u00f4t peuvent r\u00e9server toutes les chambres et profiter d&#8217;une exp\u00e9rience compl\u00e8te en compagnie de leur famille ou de leurs amis. Vous pouvez \u00e9galement r\u00e9server une chambre ou une suite et partager tous les espaces de vie, la cuisine et la machine \u00e0 laver de la maison principale avec les autres clients pr\u00e9sents \u00e0 ce moment-l\u00e0.<\/p>\n<p>Les chambres seront enti\u00e8rement pr\u00e9par\u00e9es pour votre confort avec du th\u00e9 et du caf\u00e9 dans la cuisine.<\/p>\n<p>La Source est une maison d&#8217;h\u00f4tes ind\u00e9pendante qui offre \u00e0 ses h\u00f4tes \u00ab bien plus qu&#8217;une chambre \u00bb.<\/p>\n<p>Les clients peuvent commander des paniers repas et petit-d\u00e9jeuner continental, disponibles par personne et par jour. Les paniers contiennent des produits locaux de saison et des produits artisanaux et les paniers repas pour adultes comprennent une demi-bouteille de vin local. Il y a une p\u00e2tisserie \u00e9tonnante \u00e0 quelques pas de La Source dans la zone commerciale de proximit\u00e9 pour ceux qui veulent acheter du pain frais et des p\u00e2tisseries, etc.<\/p>\n<p>Votre h\u00f4te Lorena parle fran\u00e7ais, anglais et espagnol. Son conjoint Enrique est propri\u00e9taire d&#8217;un bar \u00e0 tapas en face du centre commercial de proximit\u00e9 lorsque vous entrez dans le village par l&#8217;est.<\/p>\n<p><a href=\"https:\/\/www.vinothequebeynac.com\/\"><span style=\"text-decoration: underline;\">La Table de la Vinoth\u00e8que<\/span><\/a><br \/>878 Route des Gabarriers<br \/>24220 Beynac et Cazenac<\/p>\n<p>Elle est facile \u00e0 trouver dans le village et sera votre premier point de contact \u00e0 votre arriv\u00e9e \u00e0 Beynac. Vos h\u00f4tes vous pr\u00e9senteront la maison et seront disponibles au t\u00e9l\u00e9phone pour toute demande de renseignements que vous pourriez avoir pendant votre s\u00e9jour.<br \/>Les h\u00f4tes peuvent profiter d&#8217;une vie privil\u00e9gi\u00e9e et d&#8217;une exp\u00e9rience de vie fran\u00e7aise enrichie, en se relaxant dans une grande maison de village dans une partie tr\u00e8s sp\u00e9ciale de la France m\u00e9di\u00e9vale, impr\u00e9gn\u00e9e d&#8217;histoire et de charme.<\/p>\n<p>Les h\u00f4tes peuvent prendre un panier de la cuisine et visiter la p\u00e2tisserie, un march\u00e9 de producteurs, une boucherie ou un magasin d&#8217;alimentation et rentrer chez eux avec du pain frais et des viennoiseries, un plat du jour ou les ingr\u00e9dients d&#8217;un repas gastronomique \u00e0 d\u00e9guster devant la chemin\u00e9e ou en plein air sur la terrasse. Tous les ustensiles n\u00e9cessaires seront disponibles pour am\u00e9liorer votre exp\u00e9rience de vie \u00e0 la fran\u00e7aise.<\/p>\n<p>La propri\u00e9t\u00e9 se compose de La Maison Principale, La Petite Maison, un parking sur place et 1,5 hectares de for\u00eat et de jardins.<\/p>\n<p>La maison principale a trois \u00e9tages plus un grenier.<br \/>Le rez-de-chauss\u00e9e inf\u00e9rieur abrite La Suite Collette.<\/p>\n<p>Le rez-de-chauss\u00e9e, s&#8217;ouvre par des portes-fen\u00eatres sur la terrasse. \u00c0 ce niveau, les h\u00f4tes trouveront le salon, la salle \u00e0 manger, la cuisine, une salle d&#8217;eau et une buanderie qui contient le mat\u00e9riel de blanchisserie.<\/p>\n<p>La Grande Chambre et La Suite Bonaparte occupent tout le premier \u00e9tage.<\/p>\n<p>Le grenier est \u00e0 votre disposition pour le s\u00e9chage du linge.<\/p>\n<p>La Petite Maison se trouve \u00e0 quelques pas de la terrasse \u00e0 travers les jardins et dispose de sa propre cuisine et d&#8217;un espace ext\u00e9rieur.<\/p>\n<p>Toutes les chambres et les espaces ext\u00e9rieurs offrent une vue exceptionnelle sur le village et la Vall\u00e9e des Cinq Ch\u00e2teaux<\/p>\n<p>[\/et_pb_text][\/et_pb_column][\/et_pb_row][\/et_pb_section]<\/p>\n","protected":false},"excerpt":{"rendered":"<p>Bien plus qu&#8217;une chambre Bien plus qu&#8217;une chambre Plus impressionnant qu&#8217;un g\u00eete &nbsp; La Source est une maison de vacances ind\u00e9pendante qui offre \u00e0 ses h\u00f4tes \u00ab bien plus qu&#8217;une chambre \u00bb. Comme vos h\u00f4tes ne vivent pas sur place, les l\u00e8ve-t\u00f4t peuvent r\u00e9server toutes les chambres et profiter d&#8217;une exp\u00e9rience compl\u00e8te en compagnie de [&hellip;]<\/p>\n","protected":false},"author":3,"featured_media":0,"parent":0,"menu_order":0,"comment_status":"closed","ping_status":"closed","template":"","meta":{"_et_pb_use_builder":"on","_et_pb_old_content":"","_et_gb_content_width":"","footnotes":""},"class_list":["post-496","page","type-page","status-publish","hentry"],"yoast_head":"<!-- This site is optimized with the Yoast SEO plugin v27.6 - https:\/\/yoast.com\/product\/yoast-seo-wordpress\/ -->\n<title>Bien plus qu&#039;une chambre - La Source Beynac et Cazenac Dordogne<\/title>\n<meta name=\"robots\" content=\"index, follow, max-snippet:-1, max-image-preview:large, max-video-preview:-1\" \/>\n<link rel=\"canonical\" href=\"https:\/\/www.la-source-beynac-et-cazenac.com\/fr\/bien-plus-quune-chambre\/\" \/>\n<meta property=\"og:locale\" content=\"fr_FR\" \/>\n<meta property=\"og:type\" content=\"article\" \/>\n<meta property=\"og:title\" content=\"Bien plus qu&#039;une chambre - La Source Beynac et Cazenac Dordogne\" \/>\n<meta property=\"og:description\" content=\"Bien plus qu&#039;une chambre Bien plus qu&#039;une chambre Plus impressionnant qu&#039;un g\u00eete &nbsp; La Source est une maison de vacances ind\u00e9pendante qui offre \u00e0 ses h\u00f4tes \u00ab bien plus qu&#039;une chambre \u00bb. Comme vos h\u00f4tes ne vivent pas sur place, les l\u00e8ve-t\u00f4t peuvent r\u00e9server toutes les chambres et profiter d&#039;une exp\u00e9rience compl\u00e8te en compagnie de [&hellip;]\" \/>\n<meta property=\"og:url\" content=\"https:\/\/www.la-source-beynac-et-cazenac.com\/fr\/bien-plus-quune-chambre\/\" \/>\n<meta property=\"og:site_name\" content=\"La Source Beynac et Cazenac Dordogne\" \/>\n<meta property=\"article:modified_time\" content=\"2024-11-29T12:40:03+00:00\" \/>\n<meta name=\"twitter:card\" content=\"summary_large_image\" \/>\n<meta name=\"twitter:label1\" content=\"Dur\u00e9e de lecture estim\u00e9e\" \/>\n\t<meta name=\"twitter:data1\" content=\"16 minutes\" \/>\n<script type=\"application\/ld+json\" class=\"yoast-schema-graph\">{\"@context\":\"https:\\\/\\\/schema.org\",\"@graph\":[{\"@type\":\"WebPage\",\"@id\":\"https:\\\/\\\/www.la-source-beynac-et-cazenac.com\\\/fr\\\/bien-plus-quune-chambre\\\/\",\"url\":\"https:\\\/\\\/www.la-source-beynac-et-cazenac.com\\\/fr\\\/bien-plus-quune-chambre\\\/\",\"name\":\"Bien plus qu'une chambre - La Source Beynac et Cazenac Dordogne\",\"isPartOf\":{\"@id\":\"https:\\\/\\\/www.la-source-beynac-et-cazenac.com\\\/#website\"},\"datePublished\":\"2018-08-13T16:57:57+00:00\",\"dateModified\":\"2024-11-29T12:40:03+00:00\",\"breadcrumb\":{\"@id\":\"https:\\\/\\\/www.la-source-beynac-et-cazenac.com\\\/fr\\\/bien-plus-quune-chambre\\\/#breadcrumb\"},\"inLanguage\":\"fr-FR\",\"potentialAction\":[{\"@type\":\"ReadAction\",\"target\":[\"https:\\\/\\\/www.la-source-beynac-et-cazenac.com\\\/fr\\\/bien-plus-quune-chambre\\\/\"]}]},{\"@type\":\"BreadcrumbList\",\"@id\":\"https:\\\/\\\/www.la-source-beynac-et-cazenac.com\\\/fr\\\/bien-plus-quune-chambre\\\/#breadcrumb\",\"itemListElement\":[{\"@type\":\"ListItem\",\"position\":1,\"name\":\"Home\",\"item\":\"https:\\\/\\\/www.la-source-beynac-et-cazenac.com\\\/fr\\\/\"},{\"@type\":\"ListItem\",\"position\":2,\"name\":\"Bien plus qu&#8217;une chambre\"}]},{\"@type\":\"WebSite\",\"@id\":\"https:\\\/\\\/www.la-source-beynac-et-cazenac.com\\\/#website\",\"url\":\"https:\\\/\\\/www.la-source-beynac-et-cazenac.com\\\/\",\"name\":\"La Source Beynac et Cazenac Dordogne\",\"description\":\"\",\"potentialAction\":[{\"@type\":\"SearchAction\",\"target\":{\"@type\":\"EntryPoint\",\"urlTemplate\":\"https:\\\/\\\/www.la-source-beynac-et-cazenac.com\\\/?s={search_term_string}\"},\"query-input\":{\"@type\":\"PropertyValueSpecification\",\"valueRequired\":true,\"valueName\":\"search_term_string\"}}],\"inLanguage\":\"fr-FR\"}]}<\/script>\n<!-- \/ Yoast SEO plugin. -->","yoast_head_json":{"title":"Bien plus qu'une chambre - La Source Beynac et Cazenac Dordogne","robots":{"index":"index","follow":"follow","max-snippet":"max-snippet:-1","max-image-preview":"max-image-preview:large","max-video-preview":"max-video-preview:-1"},"canonical":"https:\/\/www.la-source-beynac-et-cazenac.com\/fr\/bien-plus-quune-chambre\/","og_locale":"fr_FR","og_type":"article","og_title":"Bien plus qu'une chambre - La Source Beynac et Cazenac Dordogne","og_description":"Bien plus qu'une chambre Bien plus qu'une chambre Plus impressionnant qu'un g\u00eete &nbsp; La Source est une maison de vacances ind\u00e9pendante qui offre \u00e0 ses h\u00f4tes \u00ab bien plus qu'une chambre \u00bb. Comme vos h\u00f4tes ne vivent pas sur place, les l\u00e8ve-t\u00f4t peuvent r\u00e9server toutes les chambres et profiter d'une exp\u00e9rience compl\u00e8te en compagnie de [&hellip;]","og_url":"https:\/\/www.la-source-beynac-et-cazenac.com\/fr\/bien-plus-quune-chambre\/","og_site_name":"La Source Beynac et Cazenac Dordogne","article_modified_time":"2024-11-29T12:40:03+00:00","twitter_card":"summary_large_image","twitter_misc":{"Dur\u00e9e de lecture estim\u00e9e":"16 minutes"},"schema":{"@context":"https:\/\/schema.org","@graph":[{"@type":"WebPage","@id":"https:\/\/www.la-source-beynac-et-cazenac.com\/fr\/bien-plus-quune-chambre\/","url":"https:\/\/www.la-source-beynac-et-cazenac.com\/fr\/bien-plus-quune-chambre\/","name":"Bien plus qu'une chambre - La Source Beynac et Cazenac Dordogne","isPartOf":{"@id":"https:\/\/www.la-source-beynac-et-cazenac.com\/#website"},"datePublished":"2018-08-13T16:57:57+00:00","dateModified":"2024-11-29T12:40:03+00:00","breadcrumb":{"@id":"https:\/\/www.la-source-beynac-et-cazenac.com\/fr\/bien-plus-quune-chambre\/#breadcrumb"},"inLanguage":"fr-FR","potentialAction":[{"@type":"ReadAction","target":["https:\/\/www.la-source-beynac-et-cazenac.com\/fr\/bien-plus-quune-chambre\/"]}]},{"@type":"BreadcrumbList","@id":"https:\/\/www.la-source-beynac-et-cazenac.com\/fr\/bien-plus-quune-chambre\/#breadcrumb","itemListElement":[{"@type":"ListItem","position":1,"name":"Home","item":"https:\/\/www.la-source-beynac-et-cazenac.com\/fr\/"},{"@type":"ListItem","position":2,"name":"Bien plus qu&#8217;une chambre"}]},{"@type":"WebSite","@id":"https:\/\/www.la-source-beynac-et-cazenac.com\/#website","url":"https:\/\/www.la-source-beynac-et-cazenac.com\/","name":"La Source Beynac et Cazenac Dordogne","description":"","potentialAction":[{"@type":"SearchAction","target":{"@type":"EntryPoint","urlTemplate":"https:\/\/www.la-source-beynac-et-cazenac.com\/?s={search_term_string}"},"query-input":{"@type":"PropertyValueSpecification","valueRequired":true,"valueName":"search_term_string"}}],"inLanguage":"fr-FR"}]}},"_links":{"self":[{"href":"https:\/\/www.la-source-beynac-et-cazenac.com\/fr\/wp-json\/wp\/v2\/pages\/496","targetHints":{"allow":["GET"]}}],"collection":[{"href":"https:\/\/www.la-source-beynac-et-cazenac.com\/fr\/wp-json\/wp\/v2\/pages"}],"about":[{"href":"https:\/\/www.la-source-beynac-et-cazenac.com\/fr\/wp-json\/wp\/v2\/types\/page"}],"author":[{"embeddable":true,"href":"https:\/\/www.la-source-beynac-et-cazenac.com\/fr\/wp-json\/wp\/v2\/users\/3"}],"replies":[{"embeddable":true,"href":"https:\/\/www.la-source-beynac-et-cazenac.com\/fr\/wp-json\/wp\/v2\/comments?post=496"}],"version-history":[{"count":24,"href":"https:\/\/www.la-source-beynac-et-cazenac.com\/fr\/wp-json\/wp\/v2\/pages\/496\/revisions"}],"predecessor-version":[{"id":2155,"href":"https:\/\/www.la-source-beynac-et-cazenac.com\/fr\/wp-json\/wp\/v2\/pages\/496\/revisions\/2155"}],"wp:attachment":[{"href":"https:\/\/www.la-source-beynac-et-cazenac.com\/fr\/wp-json\/wp\/v2\/media?parent=496"}],"curies":[{"name":"wp","href":"https:\/\/api.w.org\/{rel}","templated":true}]}}